{"id":32,"date":"2018-03-19T16:31:45","date_gmt":"2018-03-19T16:31:45","guid":{"rendered":"https:\/\/demo.cocobasic.com\/kapena-wp\/?page_id=32"},"modified":"2023-04-20T11:00:44","modified_gmt":"2023-04-20T09:00:44","slug":"about","status":"publish","type":"page","link":"http:\/\/www.lonesome-community.com\/JAG-ArtnDesign2\/about\/","title":{"rendered":"About"},"content":{"rendered":"<div class=\"wp-block-image\">\n<figure class=\"aligncenter size-full is-resized\"><img loading=\"lazy\" decoding=\"async\" src=\"http:\/\/www.lonesome-community.com\/JAG-ArtnDesign2\/wp-content\/uploads\/2023\/04\/JAGnewJAG_JPG-2.jpg\" alt=\"\" class=\"wp-image-363\" width=\"357\" height=\"93\" srcset=\"http:\/\/www.lonesome-community.com\/JAG-ArtnDesign2\/wp-content\/uploads\/2023\/04\/JAGnewJAG_JPG-2.jpg 385w, http:\/\/www.lonesome-community.com\/JAG-ArtnDesign2\/wp-content\/uploads\/2023\/04\/JAGnewJAG_JPG-2-300x78.jpg 300w\" sizes=\"auto, (max-width: 357px) 100vw, 357px\" \/><\/figure>\n<\/div>\n\n<div class = \"one_half \">Die Bildsprache von Joy-Angelo Grillmayr bezieht sich auf die Inspiration durch die nat\u00fcrliche \u00c4sthetik von Mineralien-Kristallen. Die Kristalle, wie die Quarzegruppe, werden in ihren Farben, Formen und Strukturen, von realistisch bis abstrakt, in einer freien Malerei interpretiert.<\/p>\n<p>Die Kunstwerke von Joy-Angelo Grillmayr sind mit Acryl-Lack Mischtechniken gemalt. Verschiedene chemisch-physikalische Einfl\u00fcsse, mit Pigmenten und Farbl\u00f6sungen, werden von ihm in freien und gerichteten Schichten \u00fcbereinander aufgebaut.<\/p>\n<\/div>\n\n\n<div class = \"one_half last \">Hieraus ergeben sich komplexe geplante Strukturen und Selbstorganisationsprozesse von fluiden Schichten. Der Malprozess vollzieht sich \u00fcber mehrere Monate, wobei auch l\u00e4ngere Trocknungszeiten zu ber\u00fccksichtigen sind.<\/p>\n<p>Das Ergebnis spiegelt auf k\u00fcnstlerische Weise die Sichtbarmachung des verborgenen Entstehungsprozesses kristalliner Ph\u00e4nomene. Die Intention des K\u00fcnstlers sucht die Verbindung der Mineralien zu einer Bildsprache, die in eine Auseinandersetzung mit der Welt der Kunst, der Form und der Fl\u00e4che zeigt.<\/p>\n<\/div><div class = \"clear\"><\/div>\n\n\n<\/div><div class=\"full-page-width center-relative\">\n<div class=\"team-holder \"><br \/>\n<div class=\"member one_third \"><img decoding=\"async\" src=\"http:\/\/www.lonesome-community.com\/JAG-ArtnDesign2\/wp-content\/uploads\/2023\/04\/Portrait_blank.jpg\" alt=\"\"\/><div class=\"member-info\"><div class=\"member-name\">?<\/div><div class=\"member-social-holder\">\n<\/div><\/div><\/div>\n<div class=\"member one_third \"><img decoding=\"async\" src=\"http:\/\/www.lonesome-community.com\/JAG-ArtnDesign2\/wp-content\/uploads\/2023\/04\/JAG_Portrait_2000px-1.jpg\" alt=\"\"\/><div class=\"member-info\"><div class=\"member-name\"><\/div><div class=\"member-social-holder\"> <\/p>\n<p>He&#8217;s the man with the crystalline paintings<\/p>\n<\/div><\/div><\/div>\n<div class=\"member one_third \"><img decoding=\"async\" src=\"http:\/\/www.lonesome-community.com\/JAG-ArtnDesign2\/wp-content\/uploads\/2023\/04\/Portrait_blank.jpg\" alt=\"\"\/><div class=\"member-info\"><div class=\"member-name\">#<\/div><div class=\"member-social-holder\">\n<\/div><\/div><\/div>\n<p><div class=\"clear\"><\/div><\/div><br \/>\n<\/div><div class=\"content-1170 center-relative\">\n\n\n<div class = \"one_half \">\n<p><strong>\u00dcber JAG<br \/>\n<\/strong><\/p>\n<p>Joy-Angelo Grillmayr wurde 1976 in Esslingen bei Stuttgart geboren.<br \/>\nSchon fr\u00fch war er von den weiten Bereichen der Malerei und des Designs begeistert. <\/p>\n<p>Einen Gro\u00dfteil seiner Jugend lebte er in der idyllischen Kleinstadt Schw\u00e4bisch Hall. Erste Inspirationen f\u00fcr seine Malerei bezog er aus der Landschaft, sp\u00e4ter durch Graffiti und StreetArt.<\/p>\n<p>Im Alter von 15 Jahren konnte er erste Wandmalerei-Graffiti-Auftr\u00e4ge umsetzen. F\u00fcr eine fachliche Grundlage w\u00e4hlte er die Ausbildung zum Maler-Lackierer. Neben seiner beruflichen T\u00e4tigkeit bildete er sich bei verschiedenen K\u00fcnstlern in Malerei, Akt und Portr\u00e4tzeichnen fort.<\/p>\n<p>In den Jahren 2006 \u2013 2008 schloss er Ausbildungen zum staatlich-gepr\u00fcften Gestalter und Malermeister in Stuttgart ab. Ab 2010 entwickelte er eine eigenst\u00e4ndige, experimentelle Malerei vom abstrakten Realismus bis zur gegenstandslosen Malerei.<\/p>\n<p>Weiterhin ist er in den Bereichen Wohnraumgestaltung, Mural-Art und Graffiti t\u00e4tig.<br \/>\n<\/div>\n\n\n<div class = \"one_half last \">\n<p><strong>Auswahl Projekte\/Ausstellungen<br \/>\n<\/strong><\/p>\n<ul class=\"archive-list\">\n<li><span style=\"color: #0000ff;\">2012 \u2013 2014<\/span><br \/>\nAusstellung \u201e(St)einfach\u201c in der Schwabenlandhalle Stuttgart<br \/>\nEv. Kirche \u201eChurchNight\u201c \u2013 Graffitiworkshops mit Jugendlichen<\/li>\n<li><span style=\"color: #0000ff;\">2015 \u2013 2017<\/span><br \/>\nAusstellungen in der Badner Landhalle Karlsruhe<br \/>\nWandmalereien, Graffiti-Auftr\u00e4ge im Raum Stuttgart<\/li>\n<li><span style=\"color: #0000ff;\">2017 \u2013 2019<\/span><br \/>\nAusstellungen auf der Munich Show Messe in M\u00fcnchen<br \/>\nAstoria Halle Walldorf<\/li>\n<li><span style=\"color: #0000ff;\">2020 \u2013 2021<\/span><br \/>\nAusstellungen &#8222;Crystal-Art&#8220; in der Stadthalle Lahr<br \/>\nund in der Stadthalle Kubino Ostfildern <\/li>\n<li><span style=\"color: #0000ff;\">2023<\/span><br \/>\nAusstellung &#8222;Kristalline Ph\u00e4nomene \u2013 eine k\u00fcnstlerische Ann\u00e4herung&#8220; in der DHBW Heilbronn.\n<\/li>\n<\/ul>\n<\/div><div class = \"clear\"><\/div>\n","protected":false},"excerpt":{"rendered":"","protected":false},"author":1,"featured_media":0,"parent":0,"menu_order":0,"comment_status":"closed","ping_status":"closed","template":"","meta":{"footnotes":""},"class_list":["post-32","page","type-page","status-publish","hentry"],"yoast_head":"<!-- This site is optimized with the Yoast SEO plugin v26.7 - https:\/\/yoast.com\/wordpress\/plugins\/seo\/ -->\n<title>About - JAG \u2013 ArtnDesign<\/title>\n<meta name=\"robots\" content=\"index, follow, max-snippet:-1, max-image-preview:large, max-video-preview:-1\" \/>\n<link rel=\"canonical\" href=\"http:\/\/www.lonesome-community.com\/JAG-ArtnDesign2\/about\/\" \/>\n<meta property=\"og:locale\" content=\"de_DE\" \/>\n<meta property=\"og:type\" content=\"article\" \/>\n<meta property=\"og:title\" content=\"About - JAG \u2013 ArtnDesign\" \/>\n<meta property=\"og:url\" content=\"http:\/\/www.lonesome-community.com\/JAG-ArtnDesign2\/about\/\" \/>\n<meta property=\"og:site_name\" content=\"JAG \u2013 ArtnDesign\" \/>\n<meta property=\"article:modified_time\" content=\"2023-04-20T09:00:44+00:00\" \/>\n<meta property=\"og:image\" content=\"http:\/\/www.lonesome-community.com\/JAG-ArtnDesign2\/wp-content\/uploads\/2023\/04\/JAGnewJAG_JPG-2.jpg\" \/>\n<meta name=\"twitter:card\" content=\"summary_large_image\" \/>\n<meta name=\"twitter:label1\" content=\"Gesch\u00e4tzte Lesezeit\" \/>\n\t<meta name=\"twitter:data1\" content=\"2\u00a0Minuten\" \/>\n<script type=\"application\/ld+json\" class=\"yoast-schema-graph\">{\"@context\":\"https:\/\/schema.org\",\"@graph\":[{\"@type\":\"WebPage\",\"@id\":\"http:\/\/www.lonesome-community.com\/JAG-ArtnDesign2\/about\/\",\"url\":\"http:\/\/www.lonesome-community.com\/JAG-ArtnDesign2\/about\/\",\"name\":\"About - JAG \u2013 ArtnDesign\",\"isPartOf\":{\"@id\":\"http:\/\/www.lonesome-community.com\/JAG-ArtnDesign2\/#website\"},\"primaryImageOfPage\":{\"@id\":\"http:\/\/www.lonesome-community.com\/JAG-ArtnDesign2\/about\/#primaryimage\"},\"image\":{\"@id\":\"http:\/\/www.lonesome-community.com\/JAG-ArtnDesign2\/about\/#primaryimage\"},\"thumbnailUrl\":\"http:\/\/www.lonesome-community.com\/JAG-ArtnDesign2\/wp-content\/uploads\/2023\/04\/JAGnewJAG_JPG-2.jpg\",\"datePublished\":\"2018-03-19T16:31:45+00:00\",\"dateModified\":\"2023-04-20T09:00:44+00:00\",\"breadcrumb\":{\"@id\":\"http:\/\/www.lonesome-community.com\/JAG-ArtnDesign2\/about\/#breadcrumb\"},\"inLanguage\":\"de\",\"potentialAction\":[{\"@type\":\"ReadAction\",\"target\":[\"http:\/\/www.lonesome-community.com\/JAG-ArtnDesign2\/about\/\"]}]},{\"@type\":\"ImageObject\",\"inLanguage\":\"de\",\"@id\":\"http:\/\/www.lonesome-community.com\/JAG-ArtnDesign2\/about\/#primaryimage\",\"url\":\"http:\/\/www.lonesome-community.com\/JAG-ArtnDesign2\/wp-content\/uploads\/2023\/04\/JAGnewJAG_JPG-2.jpg\",\"contentUrl\":\"http:\/\/www.lonesome-community.com\/JAG-ArtnDesign2\/wp-content\/uploads\/2023\/04\/JAGnewJAG_JPG-2.jpg\",\"width\":385,\"height\":100},{\"@type\":\"BreadcrumbList\",\"@id\":\"http:\/\/www.lonesome-community.com\/JAG-ArtnDesign2\/about\/#breadcrumb\",\"itemListElement\":[{\"@type\":\"ListItem\",\"position\":1,\"name\":\"Startseite\",\"item\":\"http:\/\/www.lonesome-community.com\/JAG-ArtnDesign2\/\"},{\"@type\":\"ListItem\",\"position\":2,\"name\":\"About\"}]},{\"@type\":\"WebSite\",\"@id\":\"http:\/\/www.lonesome-community.com\/JAG-ArtnDesign2\/#website\",\"url\":\"http:\/\/www.lonesome-community.com\/JAG-ArtnDesign2\/\",\"name\":\"JAG \u2013 ArtnDesign\",\"description\":\"\",\"publisher\":{\"@id\":\"http:\/\/www.lonesome-community.com\/JAG-ArtnDesign2\/#\/schema\/person\/83050d6ad16e2f28de487a3ac0cae36b\"},\"potentialAction\":[{\"@type\":\"SearchAction\",\"target\":{\"@type\":\"EntryPoint\",\"urlTemplate\":\"http:\/\/www.lonesome-community.com\/JAG-ArtnDesign2\/?s={search_term_string}\"},\"query-input\":{\"@type\":\"PropertyValueSpecification\",\"valueRequired\":true,\"valueName\":\"search_term_string\"}}],\"inLanguage\":\"de\"},{\"@type\":[\"Person\",\"Organization\"],\"@id\":\"http:\/\/www.lonesome-community.com\/JAG-ArtnDesign2\/#\/schema\/person\/83050d6ad16e2f28de487a3ac0cae36b\",\"name\":\"Joy-Angelo Grillmayr\",\"image\":{\"@type\":\"ImageObject\",\"inLanguage\":\"de\",\"@id\":\"http:\/\/www.lonesome-community.com\/JAG-ArtnDesign2\/#\/schema\/person\/image\/\",\"url\":\"https:\/\/secure.gravatar.com\/avatar\/d47c91b3e3792b207337afc5e0fef5fbbb5ffe42710a0bda044b86377303e4c1?s=96&d=mm&r=g\",\"contentUrl\":\"https:\/\/secure.gravatar.com\/avatar\/d47c91b3e3792b207337afc5e0fef5fbbb5ffe42710a0bda044b86377303e4c1?s=96&d=mm&r=g\",\"caption\":\"Joy-Angelo Grillmayr\"},\"logo\":{\"@id\":\"http:\/\/www.lonesome-community.com\/JAG-ArtnDesign2\/#\/schema\/person\/image\/\"}}]}<\/script>\n<!-- \/ Yoast SEO plugin. -->","yoast_head_json":{"title":"About - JAG \u2013 ArtnDesign","robots":{"index":"index","follow":"follow","max-snippet":"max-snippet:-1","max-image-preview":"max-image-preview:large","max-video-preview":"max-video-preview:-1"},"canonical":"http:\/\/www.lonesome-community.com\/JAG-ArtnDesign2\/about\/","og_locale":"de_DE","og_type":"article","og_title":"About - JAG \u2013 ArtnDesign","og_url":"http:\/\/www.lonesome-community.com\/JAG-ArtnDesign2\/about\/","og_site_name":"JAG \u2013 ArtnDesign","article_modified_time":"2023-04-20T09:00:44+00:00","og_image":[{"url":"http:\/\/www.lonesome-community.com\/JAG-ArtnDesign2\/wp-content\/uploads\/2023\/04\/JAGnewJAG_JPG-2.jpg","type":"","width":"","height":""}],"twitter_card":"summary_large_image","twitter_misc":{"Gesch\u00e4tzte Lesezeit":"2\u00a0Minuten"},"schema":{"@context":"https:\/\/schema.org","@graph":[{"@type":"WebPage","@id":"http:\/\/www.lonesome-community.com\/JAG-ArtnDesign2\/about\/","url":"http:\/\/www.lonesome-community.com\/JAG-ArtnDesign2\/about\/","name":"About - JAG \u2013 ArtnDesign","isPartOf":{"@id":"http:\/\/www.lonesome-community.com\/JAG-ArtnDesign2\/#website"},"primaryImageOfPage":{"@id":"http:\/\/www.lonesome-community.com\/JAG-ArtnDesign2\/about\/#primaryimage"},"image":{"@id":"http:\/\/www.lonesome-community.com\/JAG-ArtnDesign2\/about\/#primaryimage"},"thumbnailUrl":"http:\/\/www.lonesome-community.com\/JAG-ArtnDesign2\/wp-content\/uploads\/2023\/04\/JAGnewJAG_JPG-2.jpg","datePublished":"2018-03-19T16:31:45+00:00","dateModified":"2023-04-20T09:00:44+00:00","breadcrumb":{"@id":"http:\/\/www.lonesome-community.com\/JAG-ArtnDesign2\/about\/#breadcrumb"},"inLanguage":"de","potentialAction":[{"@type":"ReadAction","target":["http:\/\/www.lonesome-community.com\/JAG-ArtnDesign2\/about\/"]}]},{"@type":"ImageObject","inLanguage":"de","@id":"http:\/\/www.lonesome-community.com\/JAG-ArtnDesign2\/about\/#primaryimage","url":"http:\/\/www.lonesome-community.com\/JAG-ArtnDesign2\/wp-content\/uploads\/2023\/04\/JAGnewJAG_JPG-2.jpg","contentUrl":"http:\/\/www.lonesome-community.com\/JAG-ArtnDesign2\/wp-content\/uploads\/2023\/04\/JAGnewJAG_JPG-2.jpg","width":385,"height":100},{"@type":"BreadcrumbList","@id":"http:\/\/www.lonesome-community.com\/JAG-ArtnDesign2\/about\/#breadcrumb","itemListElement":[{"@type":"ListItem","position":1,"name":"Startseite","item":"http:\/\/www.lonesome-community.com\/JAG-ArtnDesign2\/"},{"@type":"ListItem","position":2,"name":"About"}]},{"@type":"WebSite","@id":"http:\/\/www.lonesome-community.com\/JAG-ArtnDesign2\/#website","url":"http:\/\/www.lonesome-community.com\/JAG-ArtnDesign2\/","name":"JAG \u2013 ArtnDesign","description":"","publisher":{"@id":"http:\/\/www.lonesome-community.com\/JAG-ArtnDesign2\/#\/schema\/person\/83050d6ad16e2f28de487a3ac0cae36b"},"potentialAction":[{"@type":"SearchAction","target":{"@type":"EntryPoint","urlTemplate":"http:\/\/www.lonesome-community.com\/JAG-ArtnDesign2\/?s={search_term_string}"},"query-input":{"@type":"PropertyValueSpecification","valueRequired":true,"valueName":"search_term_string"}}],"inLanguage":"de"},{"@type":["Person","Organization"],"@id":"http:\/\/www.lonesome-community.com\/JAG-ArtnDesign2\/#\/schema\/person\/83050d6ad16e2f28de487a3ac0cae36b","name":"Joy-Angelo Grillmayr","image":{"@type":"ImageObject","inLanguage":"de","@id":"http:\/\/www.lonesome-community.com\/JAG-ArtnDesign2\/#\/schema\/person\/image\/","url":"https:\/\/secure.gravatar.com\/avatar\/d47c91b3e3792b207337afc5e0fef5fbbb5ffe42710a0bda044b86377303e4c1?s=96&d=mm&r=g","contentUrl":"https:\/\/secure.gravatar.com\/avatar\/d47c91b3e3792b207337afc5e0fef5fbbb5ffe42710a0bda044b86377303e4c1?s=96&d=mm&r=g","caption":"Joy-Angelo Grillmayr"},"logo":{"@id":"http:\/\/www.lonesome-community.com\/JAG-ArtnDesign2\/#\/schema\/person\/image\/"}}]}},"_links":{"self":[{"href":"http:\/\/www.lonesome-community.com\/JAG-ArtnDesign2\/wp-json\/wp\/v2\/pages\/32","targetHints":{"allow":["GET"]}}],"collection":[{"href":"http:\/\/www.lonesome-community.com\/JAG-ArtnDesign2\/wp-json\/wp\/v2\/pages"}],"about":[{"href":"http:\/\/www.lonesome-community.com\/JAG-ArtnDesign2\/wp-json\/wp\/v2\/types\/page"}],"author":[{"embeddable":true,"href":"http:\/\/www.lonesome-community.com\/JAG-ArtnDesign2\/wp-json\/wp\/v2\/users\/1"}],"replies":[{"embeddable":true,"href":"http:\/\/www.lonesome-community.com\/JAG-ArtnDesign2\/wp-json\/wp\/v2\/comments?post=32"}],"version-history":[{"count":67,"href":"http:\/\/www.lonesome-community.com\/JAG-ArtnDesign2\/wp-json\/wp\/v2\/pages\/32\/revisions"}],"predecessor-version":[{"id":448,"href":"http:\/\/www.lonesome-community.com\/JAG-ArtnDesign2\/wp-json\/wp\/v2\/pages\/32\/revisions\/448"}],"wp:attachment":[{"href":"http:\/\/www.lonesome-community.com\/JAG-ArtnDesign2\/wp-json\/wp\/v2\/media?parent=32"}],"curies":[{"name":"wp","href":"https:\/\/api.w.org\/{rel}","templated":true}]}}